{"id":44,"date":"2020-03-01T09:38:37","date_gmt":"2020-03-01T09:38:37","guid":{"rendered":"http:\/\/spiekblog.de\/?page_id=44"},"modified":"2020-09-29T07:35:15","modified_gmt":"2020-09-29T07:35:15","slug":"das-grundstueck","status":"publish","type":"page","link":"https:\/\/spiekblog.de\/?page_id=44","title":{"rendered":"Grundst\u00fcck"},"content":{"rendered":"\n<p>Wir befinden uns hier im sch\u00f6nen Nordrhein-Westfalen. Unser Grundst\u00fcck befindet sich in der Stadt Herzogenrath (St\u00e4dteRegion Aachen), genauer gesagt im Stadtteil Merkstein. Die Erschlie\u00dfung des Neubaugebiets hat etliche Jahre Anlaufzeit gebraucht und soll nun im April 2020 endlich abgeschlossen sein und zur Bebauung freigegeben werden. Einerseits kann es uns nicht schnell genug gehen, damit wir endlich loslegen k\u00f6nnen und andererseits sind wir froh, dass noch ein kleines Zeitpuffer da ist, denn es sind so unheimlich viele Dinge zu erledigen, zu planen, zu kalkulieren und irgendwie hat man st\u00e4ndig das Gef\u00fchl etwas vergessen zu haben.<\/p>\n\n\n\n<p><\/p>\n\n\n\n<div class=\"wp-block-group\"><div class=\"wp-block-group__inner-container is-layout-flow wp-block-group-is-layout-flow\">\n<figure class=\"wp-block-image is-resized is-style-default\"><img loading=\"lazy\" decoding=\"async\" src=\"https:\/\/spiekblog.de\/wp-content\/uploads\/2020\/03\/IMG_20200228_164727-1024x768.jpg\" alt=\"\" class=\"wp-image-52\" width=\"1024\" height=\"768\" srcset=\"https:\/\/spiekblog.de\/wp-content\/uploads\/2020\/03\/IMG_20200228_164727-1024x768.jpg 1024w, https:\/\/spiekblog.de\/wp-content\/uploads\/2020\/03\/IMG_20200228_164727-300x225.jpg 300w, https:\/\/spiekblog.de\/wp-content\/uploads\/2020\/03\/IMG_20200228_164727-768x576.jpg 768w, https:\/\/spiekblog.de\/wp-content\/uploads\/2020\/03\/IMG_20200228_164727-1536x1152.jpg 1536w, https:\/\/spiekblog.de\/wp-content\/uploads\/2020\/03\/IMG_20200228_164727-2048x1536.jpg 2048w\" sizes=\"auto, (max-width: 1024px) 100vw, 1024px\" \/><figcaption><strong>Neubaugebiet &#8222;An der Herrenstrass&#8220;<\/strong><\/figcaption><\/figure>\n<\/div><\/div>\n\n\n\n<p><\/p>\n\n\n\n<p><\/p>\n\n\n\n<figure class=\"wp-block-gallery columns-3 is-cropped wp-block-gallery-1 is-layout-flex wp-block-gallery-is-layout-flex\"><ul class=\"blocks-gallery-grid\"><li class=\"blocks-gallery-item\"><figure><img loading=\"lazy\" decoding=\"async\" width=\"1024\" height=\"768\" src=\"https:\/\/spiekblog.de\/wp-content\/uploads\/2020\/03\/IMG_20200228_164524-1024x768.jpg\" alt=\"\" data-id=\"56\" data-link=\"https:\/\/spiekblog.de\/?attachment_id=56\" class=\"wp-image-56\" srcset=\"https:\/\/spiekblog.de\/wp-content\/uploads\/2020\/03\/IMG_20200228_164524-1024x768.jpg 1024w, https:\/\/spiekblog.de\/wp-content\/uploads\/2020\/03\/IMG_20200228_164524-300x225.jpg 300w, https:\/\/spiekblog.de\/wp-content\/uploads\/2020\/03\/IMG_20200228_164524-768x576.jpg 768w, https:\/\/spiekblog.de\/wp-content\/uploads\/2020\/03\/IMG_20200228_164524-1536x1152.jpg 1536w, https:\/\/spiekblog.de\/wp-content\/uploads\/2020\/03\/IMG_20200228_164524-2048x1536.jpg 2048w\" sizes=\"auto, (max-width: 1024px) 100vw, 1024px\" \/><\/figure><\/li><li class=\"blocks-gallery-item\"><figure><img loading=\"lazy\" decoding=\"async\" width=\"1024\" height=\"768\" src=\"https:\/\/spiekblog.de\/wp-content\/uploads\/2020\/03\/IMG_20200228_164529-1-1024x768.jpg\" alt=\"\" data-id=\"57\" data-link=\"https:\/\/spiekblog.de\/?attachment_id=57\" class=\"wp-image-57\" srcset=\"https:\/\/spiekblog.de\/wp-content\/uploads\/2020\/03\/IMG_20200228_164529-1-1024x768.jpg 1024w, https:\/\/spiekblog.de\/wp-content\/uploads\/2020\/03\/IMG_20200228_164529-1-300x225.jpg 300w, https:\/\/spiekblog.de\/wp-content\/uploads\/2020\/03\/IMG_20200228_164529-1-768x576.jpg 768w, https:\/\/spiekblog.de\/wp-content\/uploads\/2020\/03\/IMG_20200228_164529-1-1536x1152.jpg 1536w, https:\/\/spiekblog.de\/wp-content\/uploads\/2020\/03\/IMG_20200228_164529-1-2048x1536.jpg 2048w\" sizes=\"auto, (max-width: 1024px) 100vw, 1024px\" \/><\/figure><\/li><li class=\"blocks-gallery-item\"><figure><img loading=\"lazy\" decoding=\"async\" width=\"1024\" height=\"768\" src=\"https:\/\/spiekblog.de\/wp-content\/uploads\/2020\/03\/IMG_20200228_164605-1-1024x768.jpg\" alt=\"\" data-id=\"60\" data-full-url=\"https:\/\/spiekblog.de\/wp-content\/uploads\/2020\/03\/IMG_20200228_164605-1-scaled.jpg\" data-link=\"https:\/\/spiekblog.de\/?attachment_id=60\" class=\"wp-image-60\" srcset=\"https:\/\/spiekblog.de\/wp-content\/uploads\/2020\/03\/IMG_20200228_164605-1-1024x768.jpg 1024w, https:\/\/spiekblog.de\/wp-content\/uploads\/2020\/03\/IMG_20200228_164605-1-300x225.jpg 300w, https:\/\/spiekblog.de\/wp-content\/uploads\/2020\/03\/IMG_20200228_164605-1-768x576.jpg 768w, https:\/\/spiekblog.de\/wp-content\/uploads\/2020\/03\/IMG_20200228_164605-1-1536x1152.jpg 1536w, https:\/\/spiekblog.de\/wp-content\/uploads\/2020\/03\/IMG_20200228_164605-1-2048x1536.jpg 2048w\" sizes=\"auto, (max-width: 1024px) 100vw, 1024px\" \/><\/figure><\/li><\/ul><figcaption class=\"blocks-gallery-caption\"><strong>Ein erster Eindruck<\/strong><br><br><\/figcaption><\/figure>\n\n\n\n<p>Im Moment sieht es noch nicht nach wirklich viel aus, aber der Bebauungsplan l\u00e4sst doch erahnen, wie es einmal aussehen wird. Und dort im markierten Kreis wird unser neues Haus einmal stehen.<\/p>\n\n\n\n<div class=\"wp-block-image\"><figure class=\"aligncenter size-large is-resized\"><img loading=\"lazy\" decoding=\"async\" src=\"https:\/\/spiekblog.de\/wp-content\/uploads\/2020\/03\/B-Plan.png\" alt=\"\" class=\"wp-image-54\" width=\"677\" height=\"881\" srcset=\"https:\/\/spiekblog.de\/wp-content\/uploads\/2020\/03\/B-Plan.png 693w, https:\/\/spiekblog.de\/wp-content\/uploads\/2020\/03\/B-Plan-231x300.png 231w\" sizes=\"auto, (max-width: 677px) 100vw, 677px\" \/><figcaption><strong>Bebauungsplan<\/strong><\/figcaption><\/figure><\/div>\n\n\n\n<p>Mittlerweile ist die alte Zementfabrik abgerissen (auf dem ersten Bild noch durch einen Bauzaun vom Rest des Baugebietes abgetrennt) und das Gel\u00e4nde nun plan und frei von jeglichem Bauschutt. Noch sind die Baustra\u00dfen nicht angelegt, da das schlechte Wetter der letzten Zeit zu Verz\u00f6gerungen im Zeitplan gef\u00fchrt hat.<\/p>\n\n\n\n<p>______________________________________________________________________________________________________________________________<\/p>\n\n\n\n<p><\/p>\n\n\n\n<figure class=\"wp-block-gallery columns-3 is-cropped wp-block-gallery-2 is-layout-flex wp-block-gallery-is-layout-flex\"><ul class=\"blocks-gallery-grid\"><li class=\"blocks-gallery-item\"><figure><img loading=\"lazy\" decoding=\"async\" width=\"1024\" height=\"768\" src=\"https:\/\/spiekblog.de\/wp-content\/uploads\/2020\/04\/IMG_20200401_161633-1024x768.jpg\" alt=\"\" data-id=\"153\" data-full-url=\"https:\/\/spiekblog.de\/wp-content\/uploads\/2020\/04\/IMG_20200401_161633-scaled.jpg\" data-link=\"https:\/\/spiekblog.de\/?attachment_id=153\" class=\"wp-image-153\" srcset=\"https:\/\/spiekblog.de\/wp-content\/uploads\/2020\/04\/IMG_20200401_161633-1024x768.jpg 1024w, https:\/\/spiekblog.de\/wp-content\/uploads\/2020\/04\/IMG_20200401_161633-300x225.jpg 300w, https:\/\/spiekblog.de\/wp-content\/uploads\/2020\/04\/IMG_20200401_161633-768x576.jpg 768w, https:\/\/spiekblog.de\/wp-content\/uploads\/2020\/04\/IMG_20200401_161633-1536x1152.jpg 1536w, https:\/\/spiekblog.de\/wp-content\/uploads\/2020\/04\/IMG_20200401_161633-2048x1536.jpg 2048w\" sizes=\"auto, (max-width: 1024px) 100vw, 1024px\" \/><\/figure><\/li><li class=\"blocks-gallery-item\"><figure><img loading=\"lazy\" decoding=\"async\" width=\"1024\" height=\"768\" src=\"https:\/\/spiekblog.de\/wp-content\/uploads\/2020\/04\/IMG_20200401_161959-1024x768.jpg\" alt=\"\" data-id=\"154\" data-full-url=\"https:\/\/spiekblog.de\/wp-content\/uploads\/2020\/04\/IMG_20200401_161959-scaled.jpg\" data-link=\"https:\/\/spiekblog.de\/?attachment_id=154\" class=\"wp-image-154\" srcset=\"https:\/\/spiekblog.de\/wp-content\/uploads\/2020\/04\/IMG_20200401_161959-1024x768.jpg 1024w, https:\/\/spiekblog.de\/wp-content\/uploads\/2020\/04\/IMG_20200401_161959-300x225.jpg 300w, https:\/\/spiekblog.de\/wp-content\/uploads\/2020\/04\/IMG_20200401_161959-768x576.jpg 768w, https:\/\/spiekblog.de\/wp-content\/uploads\/2020\/04\/IMG_20200401_161959-1536x1152.jpg 1536w, https:\/\/spiekblog.de\/wp-content\/uploads\/2020\/04\/IMG_20200401_161959-2048x1536.jpg 2048w\" sizes=\"auto, (max-width: 1024px) 100vw, 1024px\" \/><\/figure><\/li><li class=\"blocks-gallery-item\"><figure><img loading=\"lazy\" decoding=\"async\" width=\"1024\" height=\"768\" src=\"https:\/\/spiekblog.de\/wp-content\/uploads\/2020\/04\/IMG_20200401_162003-1024x768.jpg\" alt=\"\" data-id=\"155\" data-full-url=\"https:\/\/spiekblog.de\/wp-content\/uploads\/2020\/04\/IMG_20200401_162003-scaled.jpg\" data-link=\"https:\/\/spiekblog.de\/?attachment_id=155\" class=\"wp-image-155\" srcset=\"https:\/\/spiekblog.de\/wp-content\/uploads\/2020\/04\/IMG_20200401_162003-1024x768.jpg 1024w, https:\/\/spiekblog.de\/wp-content\/uploads\/2020\/04\/IMG_20200401_162003-300x225.jpg 300w, https:\/\/spiekblog.de\/wp-content\/uploads\/2020\/04\/IMG_20200401_162003-768x576.jpg 768w, https:\/\/spiekblog.de\/wp-content\/uploads\/2020\/04\/IMG_20200401_162003-1536x1152.jpg 1536w, https:\/\/spiekblog.de\/wp-content\/uploads\/2020\/04\/IMG_20200401_162003-2048x1536.jpg 2048w\" sizes=\"auto, (max-width: 1024px) 100vw, 1024px\" \/><\/figure><\/li><\/ul><figcaption class=\"blocks-gallery-caption\"><strong>Stand Anfang April 2020<\/strong><\/figcaption><\/figure>\n\n\n\n<p><\/p>\n","protected":false},"excerpt":{"rendered":"<p>Wir befinden uns hier im sch\u00f6nen Nordrhein-Westfalen. Unser Grundst\u00fcck befindet sich in der Stadt Herzogenrath (St\u00e4dteRegion Aachen), genauer gesagt im Stadtteil Merkstein. Die Erschlie\u00dfung des Neubaugebiets hat etliche Jahre Anlaufzeit gebraucht und soll nun im April 2020 endlich abgeschlossen sein und zur Bebauung freigegeben werden. Einerseits kann es uns nicht schnell genug gehen, damit wir <a class=\"read-more\" href=\"https:\/\/spiekblog.de\/?page_id=44\">READ MORE<\/a><\/p>\n","protected":false},"author":1,"featured_media":0,"parent":0,"menu_order":0,"comment_status":"closed","ping_status":"closed","template":"","meta":{"footnotes":""},"class_list":["post-44","page","type-page","status-publish","hentry"],"_links":{"self":[{"href":"https:\/\/spiekblog.de\/index.php?rest_route=\/wp\/v2\/pages\/44","targetHints":{"allow":["GET"]}}],"collection":[{"href":"https:\/\/spiekblog.de\/index.php?rest_route=\/wp\/v2\/pages"}],"about":[{"href":"https:\/\/spiekblog.de\/index.php?rest_route=\/wp\/v2\/types\/page"}],"author":[{"embeddable":true,"href":"https:\/\/spiekblog.de\/index.php?rest_route=\/wp\/v2\/users\/1"}],"replies":[{"embeddable":true,"href":"https:\/\/spiekblog.de\/index.php?rest_route=%2Fwp%2Fv2%2Fcomments&post=44"}],"version-history":[{"count":22,"href":"https:\/\/spiekblog.de\/index.php?rest_route=\/wp\/v2\/pages\/44\/revisions"}],"predecessor-version":[{"id":225,"href":"https:\/\/spiekblog.de\/index.php?rest_route=\/wp\/v2\/pages\/44\/revisions\/225"}],"wp:attachment":[{"href":"https:\/\/spiekblog.de\/index.php?rest_route=%2Fwp%2Fv2%2Fmedia&parent=44"}],"curies":[{"name":"wp","href":"https:\/\/api.w.org\/{rel}","templated":true}]}}