{"id":231,"date":"2020-09-29T07:44:53","date_gmt":"2020-09-29T07:44:53","guid":{"rendered":"http:\/\/spiekblog.de\/?page_id=231"},"modified":"2022-03-06T07:51:50","modified_gmt":"2022-03-06T07:51:50","slug":"kueche","status":"publish","type":"page","link":"https:\/\/spiekblog.de\/?page_id=231","title":{"rendered":"K\u00fcche"},"content":{"rendered":"\n<p style=\"font-size:15px\">Wir haben uns mittlerweile eine K\u00fcche ausgesucht und auch schon gekauft (KW 30). Auch wenn unser Bau l\u00e4ngst noch nicht an der Stelle ist, dass wir \u00fcber die K\u00fcche reden k\u00f6nnten. Da sich aber alles durch Corona verteuert und die Lieferzeiten schon be\u00e4ngstigend absurde Z\u00fcge angenommen haben, wollten wir nicht l\u00e4nger warten. Hier ein kleiner Vorgeschmack wie sie sp\u00e4ter aussehen wird.<\/p>\n\n\n\n<p><\/p>\n\n\n\n<figure class=\"wp-block-gallery has-nested-images columns-default is-cropped wp-block-gallery-1 is-layout-flex wp-block-gallery-is-layout-flex\">\n<figure class=\"wp-block-image size-large\"><img loading=\"lazy\" decoding=\"async\" width=\"1024\" height=\"768\" data-id=\"1083\" src=\"https:\/\/spiekblog.de\/wp-content\/uploads\/2021\/08\/PXL_20210803_2034035822-1024x768.jpg\" alt=\"\" class=\"wp-image-1083\" srcset=\"https:\/\/spiekblog.de\/wp-content\/uploads\/2021\/08\/PXL_20210803_2034035822-1024x768.jpg 1024w, https:\/\/spiekblog.de\/wp-content\/uploads\/2021\/08\/PXL_20210803_2034035822-300x225.jpg 300w, https:\/\/spiekblog.de\/wp-content\/uploads\/2021\/08\/PXL_20210803_2034035822-768x576.jpg 768w, https:\/\/spiekblog.de\/wp-content\/uploads\/2021\/08\/PXL_20210803_2034035822-1536x1152.jpg 1536w, https:\/\/spiekblog.de\/wp-content\/uploads\/2021\/08\/PXL_20210803_2034035822-2048x1536.jpg 2048w\" sizes=\"auto, (max-width: 1024px) 100vw, 1024px\" \/><figcaption>Frontansicht mit Arbeitsinsel<\/figcaption><\/figure>\n\n\n\n<figure class=\"wp-block-image size-large\"><img loading=\"lazy\" decoding=\"async\" width=\"1024\" height=\"768\" data-id=\"1081\" src=\"https:\/\/spiekblog.de\/wp-content\/uploads\/2021\/08\/PXL_20210803_203114535-1024x768.jpg\" alt=\"\" class=\"wp-image-1081\" srcset=\"https:\/\/spiekblog.de\/wp-content\/uploads\/2021\/08\/PXL_20210803_203114535-1024x768.jpg 1024w, https:\/\/spiekblog.de\/wp-content\/uploads\/2021\/08\/PXL_20210803_203114535-300x225.jpg 300w, https:\/\/spiekblog.de\/wp-content\/uploads\/2021\/08\/PXL_20210803_203114535-768x576.jpg 768w, https:\/\/spiekblog.de\/wp-content\/uploads\/2021\/08\/PXL_20210803_203114535-1536x1152.jpg 1536w, https:\/\/spiekblog.de\/wp-content\/uploads\/2021\/08\/PXL_20210803_203114535-2048x1536.jpg 2048w\" sizes=\"auto, (max-width: 1024px) 100vw, 1024px\" \/><figcaption>die Sp\u00fcle direkt am Fenster<\/figcaption><\/figure>\n\n\n\n<figure class=\"wp-block-image size-large\"><img loading=\"lazy\" decoding=\"async\" width=\"1024\" height=\"768\" data-id=\"1080\" src=\"https:\/\/spiekblog.de\/wp-content\/uploads\/2021\/08\/PXL_20210803_203100889-1024x768.jpg\" alt=\"\" class=\"wp-image-1080\" srcset=\"https:\/\/spiekblog.de\/wp-content\/uploads\/2021\/08\/PXL_20210803_203100889-1024x768.jpg 1024w, https:\/\/spiekblog.de\/wp-content\/uploads\/2021\/08\/PXL_20210803_203100889-300x225.jpg 300w, https:\/\/spiekblog.de\/wp-content\/uploads\/2021\/08\/PXL_20210803_203100889-768x576.jpg 768w, https:\/\/spiekblog.de\/wp-content\/uploads\/2021\/08\/PXL_20210803_203100889-1536x1152.jpg 1536w, https:\/\/spiekblog.de\/wp-content\/uploads\/2021\/08\/PXL_20210803_203100889-2048x1536.jpg 2048w\" sizes=\"auto, (max-width: 1024px) 100vw, 1024px\" \/><figcaption>ein breites Kochfeld f\u00fcr meine Kochorgien \ud83d\ude09<\/figcaption><\/figure>\n<\/figure>\n\n\n\n<p><\/p>\n\n\n\n<p style=\"font-size:15px\">Die Schr\u00e4nke und Schubladen sind alle extra breit und tief. Diese K\u00fcche wird also deutlich mehr Stauraum haben als unsere jetzige und das freut mich wirklich sehr. Nie wieder wie im Tetris sortieren, dass alles in die Schr\u00e4nke passt und trotzdem ordentlich ist. Unsere Vorratskammer wird dieses Mal tats\u00e4chlich auch nur diesen einen Zweck erf\u00fcllen und nicht mehr gleichzeitig als Abstellraum dienen.<\/p>\n\n\n\n<p style=\"font-size:15px\">Es ist mittlerweile KW 50 &#8211; man traut es sich kaum zu sagen und endlich, endlich war der Techniker f\u00fcr das K\u00fcchenaufma\u00df da. Wir mussten vier! Monate auf unsere Fenster warten und deshalb hat sich der komplette Innenausbau nach hinten geschoben. Und somit nat\u00fcrlich auch unsere K\u00fcche. Bis auf die Fensterbank im K\u00fcchenfenster, die wieder raus muss, sind alle Anschl\u00fcsse und Steckdosen perfekt gelegt. Die K\u00fcche kann also kommen. Es wird aber Ende Februar 2022 &#8211; vielleicht sogar erst M\u00e4rz.<\/p>\n\n\n\n<p><\/p>\n\n\n\n<div class=\"wp-block-image\"><figure class=\"aligncenter size-large is-resized\"><img loading=\"lazy\" decoding=\"async\" src=\"https:\/\/spiekblog.de\/wp-content\/uploads\/2021\/12\/PXL_20211207_142916513-1024x768.jpg\" alt=\"\" class=\"wp-image-1524\" width=\"797\" height=\"598\" srcset=\"https:\/\/spiekblog.de\/wp-content\/uploads\/2021\/12\/PXL_20211207_142916513-1024x768.jpg 1024w, https:\/\/spiekblog.de\/wp-content\/uploads\/2021\/12\/PXL_20211207_142916513-300x225.jpg 300w, https:\/\/spiekblog.de\/wp-content\/uploads\/2021\/12\/PXL_20211207_142916513-768x576.jpg 768w, https:\/\/spiekblog.de\/wp-content\/uploads\/2021\/12\/PXL_20211207_142916513-1536x1152.jpg 1536w, https:\/\/spiekblog.de\/wp-content\/uploads\/2021\/12\/PXL_20211207_142916513-2048x1536.jpg 2048w\" sizes=\"auto, (max-width: 797px) 100vw, 797px\" \/><figcaption>das K\u00fcchenaufma\u00df<\/figcaption><\/figure><\/div>\n\n\n\n<p style=\"font-size:15px\">Wir haben KW 8 in 2022 und die K\u00fcche wurde geliefert. Der Backofen, die Mikrowelle und der K\u00fchlschrank fehlen leider noch, da Siemens Lieferschwierigkeiten hat. Daf\u00fcr k\u00f6nnen wir aber trotzdem kochen, da wir ein unabh\u00e4ngiges Kochfeld haben. Die Spediteure haben die Schr\u00e4nke schon in etwa so gestellt, wie die K\u00fcche auch sp\u00e4ter stehen wird. Die Monteure kommen dann n\u00e4chste Woche f\u00fcr zwei Tage zum Aufbau.<\/p>\n\n\n\n<p><\/p>\n\n\n\n<figure class=\"wp-block-gallery has-nested-images columns-default is-cropped wp-block-gallery-2 is-layout-flex wp-block-gallery-is-layout-flex\">\n<figure class=\"wp-block-image size-large\"><img loading=\"lazy\" decoding=\"async\" width=\"2560\" height=\"1920\" data-id=\"1981\" src=\"https:\/\/spiekblog.de\/wp-content\/uploads\/2022\/02\/PXL_20220225_084355508.MP_-scaled.jpg\" alt=\"\" class=\"wp-image-1981\" srcset=\"https:\/\/spiekblog.de\/wp-content\/uploads\/2022\/02\/PXL_20220225_084355508.MP_-scaled.jpg 2560w, https:\/\/spiekblog.de\/wp-content\/uploads\/2022\/02\/PXL_20220225_084355508.MP_-300x225.jpg 300w, https:\/\/spiekblog.de\/wp-content\/uploads\/2022\/02\/PXL_20220225_084355508.MP_-1024x768.jpg 1024w, https:\/\/spiekblog.de\/wp-content\/uploads\/2022\/02\/PXL_20220225_084355508.MP_-768x576.jpg 768w, https:\/\/spiekblog.de\/wp-content\/uploads\/2022\/02\/PXL_20220225_084355508.MP_-1536x1152.jpg 1536w, https:\/\/spiekblog.de\/wp-content\/uploads\/2022\/02\/PXL_20220225_084355508.MP_-2048x1536.jpg 2048w\" sizes=\"auto, (max-width: 2560px) 100vw, 2560px\" \/><figcaption>sch\u00f6n hell<\/figcaption><\/figure>\n\n\n\n<figure class=\"wp-block-image size-large\"><img loading=\"lazy\" decoding=\"async\" width=\"2560\" height=\"1920\" data-id=\"1980\" src=\"https:\/\/spiekblog.de\/wp-content\/uploads\/2022\/02\/PXL_20220224_131726183-scaled.jpg\" alt=\"\" class=\"wp-image-1980\" srcset=\"https:\/\/spiekblog.de\/wp-content\/uploads\/2022\/02\/PXL_20220224_131726183-scaled.jpg 2560w, https:\/\/spiekblog.de\/wp-content\/uploads\/2022\/02\/PXL_20220224_131726183-300x225.jpg 300w, https:\/\/spiekblog.de\/wp-content\/uploads\/2022\/02\/PXL_20220224_131726183-1024x768.jpg 1024w, https:\/\/spiekblog.de\/wp-content\/uploads\/2022\/02\/PXL_20220224_131726183-768x576.jpg 768w, https:\/\/spiekblog.de\/wp-content\/uploads\/2022\/02\/PXL_20220224_131726183-1536x1152.jpg 1536w, https:\/\/spiekblog.de\/wp-content\/uploads\/2022\/02\/PXL_20220224_131726183-2048x1536.jpg 2048w\" sizes=\"auto, (max-width: 2560px) 100vw, 2560px\" \/><figcaption>ich bin gespannt, wie es aussieht, wenn die K\u00fcche aufgebaut ist<\/figcaption><\/figure>\n<\/figure>\n\n\n\n<p style=\"font-size:15px\"><\/p>\n\n\n\n<p style=\"font-size:15px\">Tag 1: Es ist soweit, die Monteure sind da und bauen auf. Die Farbe der Fliesen passt super zur Arbeitsplatte. Man kann fast keinen Unterschied erkennen. Am Ende des Tages sieht es hier so aus:<\/p>\n\n\n\n<p><\/p>\n\n\n\n<figure class=\"wp-block-gallery has-nested-images columns-default is-cropped wp-block-gallery-3 is-layout-flex wp-block-gallery-is-layout-flex\">\n<figure class=\"wp-block-image size-large\"><img loading=\"lazy\" decoding=\"async\" width=\"1024\" height=\"768\" data-id=\"1991\" src=\"https:\/\/spiekblog.de\/wp-content\/uploads\/2022\/03\/PXL_20220301_140356106-1024x768.jpg\" alt=\"\" class=\"wp-image-1991\" srcset=\"https:\/\/spiekblog.de\/wp-content\/uploads\/2022\/03\/PXL_20220301_140356106-1024x768.jpg 1024w, https:\/\/spiekblog.de\/wp-content\/uploads\/2022\/03\/PXL_20220301_140356106-300x225.jpg 300w, https:\/\/spiekblog.de\/wp-content\/uploads\/2022\/03\/PXL_20220301_140356106-768x576.jpg 768w, https:\/\/spiekblog.de\/wp-content\/uploads\/2022\/03\/PXL_20220301_140356106-1536x1152.jpg 1536w, https:\/\/spiekblog.de\/wp-content\/uploads\/2022\/03\/PXL_20220301_140356106-2048x1536.jpg 2048w\" sizes=\"auto, (max-width: 1024px) 100vw, 1024px\" \/><\/figure>\n\n\n\n<figure class=\"wp-block-image size-large\"><img loading=\"lazy\" decoding=\"async\" width=\"1024\" height=\"768\" data-id=\"1990\" src=\"https:\/\/spiekblog.de\/wp-content\/uploads\/2022\/03\/PXL_20220301_140400539-1024x768.jpg\" alt=\"\" class=\"wp-image-1990\" srcset=\"https:\/\/spiekblog.de\/wp-content\/uploads\/2022\/03\/PXL_20220301_140400539-1024x768.jpg 1024w, https:\/\/spiekblog.de\/wp-content\/uploads\/2022\/03\/PXL_20220301_140400539-300x225.jpg 300w, https:\/\/spiekblog.de\/wp-content\/uploads\/2022\/03\/PXL_20220301_140400539-768x576.jpg 768w, https:\/\/spiekblog.de\/wp-content\/uploads\/2022\/03\/PXL_20220301_140400539-1536x1152.jpg 1536w, https:\/\/spiekblog.de\/wp-content\/uploads\/2022\/03\/PXL_20220301_140400539-2048x1536.jpg 2048w\" sizes=\"auto, (max-width: 1024px) 100vw, 1024px\" \/><\/figure>\n\n\n\n<figure class=\"wp-block-image size-large\"><img loading=\"lazy\" decoding=\"async\" width=\"1024\" height=\"768\" data-id=\"1998\" src=\"https:\/\/spiekblog.de\/wp-content\/uploads\/2022\/03\/PXL_20220301_140410267.MP_-1024x768.jpg\" alt=\"\" class=\"wp-image-1998\" srcset=\"https:\/\/spiekblog.de\/wp-content\/uploads\/2022\/03\/PXL_20220301_140410267.MP_-1024x768.jpg 1024w, https:\/\/spiekblog.de\/wp-content\/uploads\/2022\/03\/PXL_20220301_140410267.MP_-300x225.jpg 300w, https:\/\/spiekblog.de\/wp-content\/uploads\/2022\/03\/PXL_20220301_140410267.MP_-768x576.jpg 768w, https:\/\/spiekblog.de\/wp-content\/uploads\/2022\/03\/PXL_20220301_140410267.MP_-1536x1152.jpg 1536w, https:\/\/spiekblog.de\/wp-content\/uploads\/2022\/03\/PXL_20220301_140410267.MP_-2048x1536.jpg 2048w\" sizes=\"auto, (max-width: 1024px) 100vw, 1024px\" \/><figcaption>Man kann es sich schon gut vorstellen, oder?<\/figcaption><\/figure>\n\n\n\n<figure class=\"wp-block-image size-large\"><img loading=\"lazy\" decoding=\"async\" width=\"1024\" height=\"768\" data-id=\"1994\" src=\"https:\/\/spiekblog.de\/wp-content\/uploads\/2022\/03\/PXL_20220301_140419824-1024x768.jpg\" alt=\"\" class=\"wp-image-1994\" srcset=\"https:\/\/spiekblog.de\/wp-content\/uploads\/2022\/03\/PXL_20220301_140419824-1024x768.jpg 1024w, https:\/\/spiekblog.de\/wp-content\/uploads\/2022\/03\/PXL_20220301_140419824-300x225.jpg 300w, https:\/\/spiekblog.de\/wp-content\/uploads\/2022\/03\/PXL_20220301_140419824-768x576.jpg 768w, https:\/\/spiekblog.de\/wp-content\/uploads\/2022\/03\/PXL_20220301_140419824-1536x1152.jpg 1536w, https:\/\/spiekblog.de\/wp-content\/uploads\/2022\/03\/PXL_20220301_140419824-2048x1536.jpg 2048w\" sizes=\"auto, (max-width: 1024px) 100vw, 1024px\" \/><figcaption>die restlichen Elektroger\u00e4te fehlen leider noch<\/figcaption><\/figure>\n\n\n\n<figure class=\"wp-block-image size-large\"><img loading=\"lazy\" decoding=\"async\" width=\"1024\" height=\"768\" data-id=\"1993\" src=\"https:\/\/spiekblog.de\/wp-content\/uploads\/2022\/03\/PXL_20220301_140509102-1024x768.jpg\" alt=\"\" class=\"wp-image-1993\" srcset=\"https:\/\/spiekblog.de\/wp-content\/uploads\/2022\/03\/PXL_20220301_140509102-1024x768.jpg 1024w, https:\/\/spiekblog.de\/wp-content\/uploads\/2022\/03\/PXL_20220301_140509102-300x225.jpg 300w, https:\/\/spiekblog.de\/wp-content\/uploads\/2022\/03\/PXL_20220301_140509102-768x576.jpg 768w, https:\/\/spiekblog.de\/wp-content\/uploads\/2022\/03\/PXL_20220301_140509102-1536x1152.jpg 1536w, https:\/\/spiekblog.de\/wp-content\/uploads\/2022\/03\/PXL_20220301_140509102-2048x1536.jpg 2048w\" sizes=\"auto, (max-width: 1024px) 100vw, 1024px\" \/><figcaption>zwischen den Fliesen stehen die Schubladen<\/figcaption><\/figure>\n\n\n\n<figure class=\"wp-block-image size-large\"><img loading=\"lazy\" decoding=\"async\" width=\"1024\" height=\"768\" data-id=\"1997\" src=\"https:\/\/spiekblog.de\/wp-content\/uploads\/2022\/03\/PXL_20220301_140517074.MP_-1024x768.jpg\" alt=\"\" class=\"wp-image-1997\" srcset=\"https:\/\/spiekblog.de\/wp-content\/uploads\/2022\/03\/PXL_20220301_140517074.MP_-1024x768.jpg 1024w, https:\/\/spiekblog.de\/wp-content\/uploads\/2022\/03\/PXL_20220301_140517074.MP_-300x225.jpg 300w, https:\/\/spiekblog.de\/wp-content\/uploads\/2022\/03\/PXL_20220301_140517074.MP_-768x576.jpg 768w, https:\/\/spiekblog.de\/wp-content\/uploads\/2022\/03\/PXL_20220301_140517074.MP_-1536x1152.jpg 1536w, https:\/\/spiekblog.de\/wp-content\/uploads\/2022\/03\/PXL_20220301_140517074.MP_-2048x1536.jpg 2048w\" sizes=\"auto, (max-width: 1024px) 100vw, 1024px\" \/><figcaption>die K\u00fccheninsel kommt morgen dran<\/figcaption><\/figure>\n\n\n\n<figure class=\"wp-block-image size-large\"><img loading=\"lazy\" decoding=\"async\" width=\"1024\" height=\"768\" data-id=\"1995\" src=\"https:\/\/spiekblog.de\/wp-content\/uploads\/2022\/03\/PXL_20220301_140810234.MP_-1024x768.jpg\" alt=\"\" class=\"wp-image-1995\" srcset=\"https:\/\/spiekblog.de\/wp-content\/uploads\/2022\/03\/PXL_20220301_140810234.MP_-1024x768.jpg 1024w, https:\/\/spiekblog.de\/wp-content\/uploads\/2022\/03\/PXL_20220301_140810234.MP_-300x225.jpg 300w, https:\/\/spiekblog.de\/wp-content\/uploads\/2022\/03\/PXL_20220301_140810234.MP_-768x576.jpg 768w, https:\/\/spiekblog.de\/wp-content\/uploads\/2022\/03\/PXL_20220301_140810234.MP_-1536x1152.jpg 1536w, https:\/\/spiekblog.de\/wp-content\/uploads\/2022\/03\/PXL_20220301_140810234.MP_-2048x1536.jpg 2048w\" sizes=\"auto, (max-width: 1024px) 100vw, 1024px\" \/><figcaption>Sollen wir schon kochen?<\/figcaption><\/figure>\n\n\n\n<figure class=\"wp-block-image size-large\"><img loading=\"lazy\" decoding=\"async\" width=\"1024\" height=\"768\" data-id=\"1996\" src=\"https:\/\/spiekblog.de\/wp-content\/uploads\/2022\/03\/PXL_20220301_140855068-1024x768.jpg\" alt=\"\" class=\"wp-image-1996\" srcset=\"https:\/\/spiekblog.de\/wp-content\/uploads\/2022\/03\/PXL_20220301_140855068-1024x768.jpg 1024w, https:\/\/spiekblog.de\/wp-content\/uploads\/2022\/03\/PXL_20220301_140855068-300x225.jpg 300w, https:\/\/spiekblog.de\/wp-content\/uploads\/2022\/03\/PXL_20220301_140855068-768x576.jpg 768w, https:\/\/spiekblog.de\/wp-content\/uploads\/2022\/03\/PXL_20220301_140855068-1536x1152.jpg 1536w, https:\/\/spiekblog.de\/wp-content\/uploads\/2022\/03\/PXL_20220301_140855068-2048x1536.jpg 2048w\" sizes=\"auto, (max-width: 1024px) 100vw, 1024px\" \/><figcaption>der Wasserhahn ist genau mittig zum Fenster<\/figcaption><\/figure>\n\n\n\n<figure class=\"wp-block-image size-large\"><img loading=\"lazy\" decoding=\"async\" width=\"1024\" height=\"768\" data-id=\"1999\" src=\"https:\/\/spiekblog.de\/wp-content\/uploads\/2022\/03\/PXL_20220301_140950632.MP_-1024x768.jpg\" alt=\"\" class=\"wp-image-1999\" srcset=\"https:\/\/spiekblog.de\/wp-content\/uploads\/2022\/03\/PXL_20220301_140950632.MP_-1024x768.jpg 1024w, https:\/\/spiekblog.de\/wp-content\/uploads\/2022\/03\/PXL_20220301_140950632.MP_-300x225.jpg 300w, https:\/\/spiekblog.de\/wp-content\/uploads\/2022\/03\/PXL_20220301_140950632.MP_-768x576.jpg 768w, https:\/\/spiekblog.de\/wp-content\/uploads\/2022\/03\/PXL_20220301_140950632.MP_-1536x1152.jpg 1536w, https:\/\/spiekblog.de\/wp-content\/uploads\/2022\/03\/PXL_20220301_140950632.MP_-2048x1536.jpg 2048w\" sizes=\"auto, (max-width: 1024px) 100vw, 1024px\" \/><figcaption>die Arbeitsplatte geht ins Fenster \u00fcber<\/figcaption><\/figure>\n<\/figure>\n\n\n\n<p><\/p>\n\n\n\n<p style=\"font-size:15px\">Tag 2: Die K\u00fcche ist endlich fertig und ich liebe sie jetzt schon. Es sieht absolut super aus. Wie geplant, ist die Arbeitsplatte auch gleichzeitig Fensterbank. Der Wasserhahn der Sp\u00fcle ist genau so gesetzt worden, dass sich beide Fensterfl\u00fcgel problemlos \u00f6ffnen lassen. Die Sp\u00fcle ist vorerst tats\u00e4chlich auch das erste richtige Waschbecken im Haus \ud83d\ude09<\/p>\n\n\n\n<p style=\"font-size:15px\"> <\/p>\n\n\n\n<figure class=\"wp-block-gallery has-nested-images columns-default is-cropped wp-block-gallery-4 is-layout-flex wp-block-gallery-is-layout-flex\">\n<figure class=\"wp-block-image size-large\"><img loading=\"lazy\" decoding=\"async\" width=\"1024\" height=\"768\" data-id=\"2000\" src=\"https:\/\/spiekblog.de\/wp-content\/uploads\/2022\/03\/PXL_20220301_141913812-1024x768.jpg\" alt=\"\" class=\"wp-image-2000\" srcset=\"https:\/\/spiekblog.de\/wp-content\/uploads\/2022\/03\/PXL_20220301_141913812-1024x768.jpg 1024w, https:\/\/spiekblog.de\/wp-content\/uploads\/2022\/03\/PXL_20220301_141913812-300x225.jpg 300w, https:\/\/spiekblog.de\/wp-content\/uploads\/2022\/03\/PXL_20220301_141913812-768x576.jpg 768w, https:\/\/spiekblog.de\/wp-content\/uploads\/2022\/03\/PXL_20220301_141913812-1536x1152.jpg 1536w, https:\/\/spiekblog.de\/wp-content\/uploads\/2022\/03\/PXL_20220301_141913812-2048x1536.jpg 2048w\" sizes=\"auto, (max-width: 1024px) 100vw, 1024px\" \/><figcaption>es werde Licht \ud83d\ude42<\/figcaption><\/figure>\n\n\n\n<figure class=\"wp-block-image size-large\"><img loading=\"lazy\" decoding=\"async\" width=\"1024\" height=\"768\" data-id=\"2001\" src=\"https:\/\/spiekblog.de\/wp-content\/uploads\/2022\/03\/PXL_20220302_105644945.MP_-1024x768.jpg\" alt=\"\" class=\"wp-image-2001\" srcset=\"https:\/\/spiekblog.de\/wp-content\/uploads\/2022\/03\/PXL_20220302_105644945.MP_-1024x768.jpg 1024w, https:\/\/spiekblog.de\/wp-content\/uploads\/2022\/03\/PXL_20220302_105644945.MP_-300x225.jpg 300w, https:\/\/spiekblog.de\/wp-content\/uploads\/2022\/03\/PXL_20220302_105644945.MP_-768x576.jpg 768w, https:\/\/spiekblog.de\/wp-content\/uploads\/2022\/03\/PXL_20220302_105644945.MP_-1536x1152.jpg 1536w, https:\/\/spiekblog.de\/wp-content\/uploads\/2022\/03\/PXL_20220302_105644945.MP_-2048x1536.jpg 2048w\" sizes=\"auto, (max-width: 1024px) 100vw, 1024px\" \/><figcaption>Ich liebe es jetzt schon &lt;3<\/figcaption><\/figure>\n<\/figure>\n\n\n\n<p><\/p>\n\n\n\n<p style=\"font-size:15px\">Tats\u00e4chlich ist der Einbau der K\u00fcche ein kleiner Meilenstein. Jetzt ist der Umzug in Sichtweite!<\/p>\n","protected":false},"excerpt":{"rendered":"<p>Wir haben uns mittlerweile eine K\u00fcche ausgesucht und auch schon gekauft (KW 30). Auch wenn unser Bau l\u00e4ngst noch nicht an der Stelle ist, dass wir \u00fcber die K\u00fcche reden k\u00f6nnten. Da sich aber alles durch Corona verteuert und die Lieferzeiten schon be\u00e4ngstigend absurde Z\u00fcge angenommen haben, wollten wir nicht l\u00e4nger warten. Hier ein kleiner <a class=\"read-more\" href=\"https:\/\/spiekblog.de\/?page_id=231\">READ MORE<\/a><\/p>\n","protected":false},"author":1,"featured_media":0,"parent":237,"menu_order":3,"comment_status":"closed","ping_status":"closed","template":"","meta":{"footnotes":""},"class_list":["post-231","page","type-page","status-publish","hentry"],"_links":{"self":[{"href":"https:\/\/spiekblog.de\/index.php?rest_route=\/wp\/v2\/pages\/231","targetHints":{"allow":["GET"]}}],"collection":[{"href":"https:\/\/spiekblog.de\/index.php?rest_route=\/wp\/v2\/pages"}],"about":[{"href":"https:\/\/spiekblog.de\/index.php?rest_route=\/wp\/v2\/types\/page"}],"author":[{"embeddable":true,"href":"https:\/\/spiekblog.de\/index.php?rest_route=\/wp\/v2\/users\/1"}],"replies":[{"embeddable":true,"href":"https:\/\/spiekblog.de\/index.php?rest_route=%2Fwp%2Fv2%2Fcomments&post=231"}],"version-history":[{"count":10,"href":"https:\/\/spiekblog.de\/index.php?rest_route=\/wp\/v2\/pages\/231\/revisions"}],"predecessor-version":[{"id":2005,"href":"https:\/\/spiekblog.de\/index.php?rest_route=\/wp\/v2\/pages\/231\/revisions\/2005"}],"up":[{"embeddable":true,"href":"https:\/\/spiekblog.de\/index.php?rest_route=\/wp\/v2\/pages\/237"}],"wp:attachment":[{"href":"https:\/\/spiekblog.de\/index.php?rest_route=%2Fwp%2Fv2%2Fmedia&parent=231"}],"curies":[{"name":"wp","href":"https:\/\/api.w.org\/{rel}","templated":true}]}}