{"id":229,"date":"2020-09-29T07:42:32","date_gmt":"2020-09-29T07:42:32","guid":{"rendered":"http:\/\/spiekblog.de\/?page_id=229"},"modified":"2021-05-15T08:54:41","modified_gmt":"2021-05-15T08:54:41","slug":"garten","status":"publish","type":"page","link":"https:\/\/spiekblog.de\/?page_id=229","title":{"rendered":"Garten"},"content":{"rendered":"\n<p>Das Haus steht zwar noch nicht, aber wir machen uns nat\u00fcrlich trotzdem schon die ersten Gedanken, was da mal mit unserem Garten so werden soll. Hinter unserem Grundst\u00fcck wird es einen Kindergarten geben (lila Stern). \u00dcber uns wird ein Mehrfamilienhaus (gr\u00fcner Stern), links von uns ein Doppelhaus (blauer Stern) und unter uns ein weiteres Einfamilienhaus (schwarzer Stern) entstehen, welches aber durch unsere Garage abgetrennt und somit nicht von Belang ist.<\/p>\n\n\n\n<p><\/p>\n\n\n\n<figure class=\"wp-block-gallery columns-1 is-cropped wp-block-gallery-1 is-layout-flex wp-block-gallery-is-layout-flex\"><ul class=\"blocks-gallery-grid\"><li class=\"blocks-gallery-item\"><figure><img loading=\"lazy\" decoding=\"async\" width=\"692\" height=\"901\" src=\"https:\/\/spiekblog.de\/wp-content\/uploads\/2020\/10\/B-Plan-2.png\" alt=\"\" data-id=\"275\" data-full-url=\"https:\/\/spiekblog.de\/wp-content\/uploads\/2020\/10\/B-Plan-2.png\" data-link=\"https:\/\/spiekblog.de\/?attachment_id=275\" class=\"wp-image-275\" srcset=\"https:\/\/spiekblog.de\/wp-content\/uploads\/2020\/10\/B-Plan-2.png 692w, https:\/\/spiekblog.de\/wp-content\/uploads\/2020\/10\/B-Plan-2-230x300.png 230w\" sizes=\"auto, (max-width: 692px) 100vw, 692px\" \/><\/figure><\/li><\/ul><\/figure>\n\n\n\n<p>Es stellen sich damit einige Fragen, die es zu kl\u00e4ren gilt. Da es f\u00fcr Kinderg\u00e4rten spezielle Vorschriften zur Einz\u00e4unung gibt, wie ich in einem sehr unterhaltsamen Gespr\u00e4ch mit dem zust\u00e4ndigen Planer der Stadt Herzogenrath erfahren durfte, brauchen wir also f\u00fcr diese Seite keinen eigenen Zaun aufstellen. Das Mehrfamilienhaus wurde an einen Investor verkauft und trotz meiner Bem\u00fchungen habe ich es bisher nicht geschafft, einen Ansprechpartner herauszufinden. Nun ist es zwar allgemein so, dass bei neugebauten Mehrfamilienh\u00e4usern ebenfalls eine Einz\u00e4unung des Grundst\u00fccks erfolgt. Aber das h\u00e4tte ich dann eben doch gern in einem pers\u00f6nlichen Gespr\u00e4ch gekl\u00e4rt und best\u00e4tigt bekommen. F\u00fcr das vor uns liegende Doppelhaus gilt dann nat\u00fcrlich dasselbe. Denn es ist ja durchaus eine Kostenfrage und f\u00fcr die Planung nicht unerheblich, an welchen Seiten des Grundst\u00fccks eine Einz\u00e4unung erfolgen soll. Da unser Haus aber noch nicht gebaut ist, ist diese Frage aber jetzt auch noch nicht zwingend zu kl\u00e4ren und wir werden einfach sehen, was da so kommt. <\/p>\n\n\n\n<p>Weitere Infos zum Thema Garten folgen also dann, wenn es so weit ist.<\/p>\n\n\n\n<p><\/p>\n\n\n\n<p>KW11: Nachdem die Tiefbauer mit den Erdarbeiten f\u00fcr unser Haus begonnen haben, hat sich schnell herausgestellt, dass auf unserem kompletten Grundst\u00fcck fast nur Lehm- aber kaum Mutterboden vorhanden ist. Da Lehmboden kaum versickerungsf\u00e4hig ist beziehungsweise Wasser nur bis zu einer bestimmten Menge aufnehmen kann und au\u00dfer Unkraut auch fast nichts darauf w\u00e4chst, haben wir uns dazu entschieden eine Tiefenlockerung bis in 60 cm Tiefe vorzunehmen. Danach haben wir die ersten 20 cm Lehmboden abtragen und wegfahren lassen. Als Ersatz haben wir reine Muttererde zum Aufbau genommen und diese noch mit einer weiteren Schicht feinstem Sand verst\u00e4rkt. In Eigenleistung werden wir Sand und Mutterboden mit einer Gartenfr\u00e4se vermischen und unterheben. Bis zur eigentlichen Fertigstellung des Gartens wird dieser mit D\u00fcngelupinen und kleinen Wiesenblumen versorgt.<\/p>\n\n\n\n<figure class=\"wp-block-video\"><video height=\"1080\" style=\"aspect-ratio: 1920 \/ 1080;\" width=\"1920\" controls src=\"https:\/\/spiekblog.de\/wp-content\/uploads\/2021\/03\/PXL_20210324_144557065.mp4\"><\/video><\/figure>\n\n\n\n<p>KW13: Es ist die erste Woche der Osterferien. Stefan hat Urlaub und die Kinder sind ausgelagert. Temperaturen um die 20 bis 24 Grad. Genug Zeit und Wetter den ersten Teil des Gartenprojekts in Angriff zu nehmen. Dieser Teil besteht darin, die aufgebrachte Sandschicht mit dem darunterliegenden Mutterboden zu vermengen. So einfach, wie wir uns das gedacht hatten, war es dann aber doch nicht. Wollten wir urspr\u00fcnglich das Vermengen mit einer motorisierten Gartenhacke zuwege bringen, stellte sich ziemlich schnell heraus: ist nicht. Durch die unterschiedliche Konstistenz des Bodens mussten wir also mit dem Spaten vorarbeiten und erst danach kam die Motorhacke zum Einsatz. Erst dann haben wir die Lupinensamen ausges\u00e4t und eingeharkt. Welchen Kraftakt wir daf\u00fcr leisten m\u00fcssen, war uns da aber noch nicht klar. Deshalb bin ich erst heute, viele Blasen, Sonnenbrand sowie einiges an Kopf- und Muskelschmerzen sp\u00e4ter, \u00fcberhaupt in der Lage, den Blog zu aktualisieren =) Aber auch der Opa und eines der Kinder waren da und haben in der hinteren Spitze des Gartens drei Speisekartoffeln eingepflanzt. So ist der Garten zwar nicht fertig, tr\u00e4gt aber vielleicht trotzdem in diesem Jahr bereits die ersten Fr\u00fcchte.<\/p>\n\n\n\n<p>Wir haben an drei Tagen jeweils sechs Stunden gearbeitet. Ergebnis Tag 1:<\/p>\n\n\n\n<figure class=\"wp-block-gallery columns-1 is-cropped wp-block-gallery-2 is-layout-flex wp-block-gallery-is-layout-flex\"><ul class=\"blocks-gallery-grid\"><li class=\"blocks-gallery-item\"><figure><img loading=\"lazy\" decoding=\"async\" width=\"1024\" height=\"768\" src=\"https:\/\/spiekblog.de\/wp-content\/uploads\/2021\/04\/PXL_20210329_133713372-1024x768.jpg\" alt=\"\" data-id=\"468\" data-full-url=\"https:\/\/spiekblog.de\/wp-content\/uploads\/2021\/04\/PXL_20210329_133713372-scaled.jpg\" data-link=\"https:\/\/spiekblog.de\/?attachment_id=468\" class=\"wp-image-468\" srcset=\"https:\/\/spiekblog.de\/wp-content\/uploads\/2021\/04\/PXL_20210329_133713372-1024x768.jpg 1024w, https:\/\/spiekblog.de\/wp-content\/uploads\/2021\/04\/PXL_20210329_133713372-300x225.jpg 300w, https:\/\/spiekblog.de\/wp-content\/uploads\/2021\/04\/PXL_20210329_133713372-768x576.jpg 768w, https:\/\/spiekblog.de\/wp-content\/uploads\/2021\/04\/PXL_20210329_133713372-1536x1152.jpg 1536w, https:\/\/spiekblog.de\/wp-content\/uploads\/2021\/04\/PXL_20210329_133713372-2048x1536.jpg 2048w\" sizes=\"auto, (max-width: 1024px) 100vw, 1024px\" \/><\/figure><\/li><\/ul><\/figure>\n\n\n\n<p>Ergebnis Tag 2:<\/p>\n\n\n\n<figure class=\"wp-block-video\"><video height=\"352\" style=\"aspect-ratio: 640 \/ 352;\" width=\"640\" controls src=\"https:\/\/spiekblog.de\/wp-content\/uploads\/2021\/04\/Gartenarbeit-Tag-2.mp4\"><\/video><\/figure>\n\n\n\n<p>und schlie\u00dflich Ergebnis Tag 3:<\/p>\n\n\n\n<figure class=\"wp-block-video\"><video height=\"1080\" style=\"aspect-ratio: 1920 \/ 1080;\" width=\"1920\" controls src=\"https:\/\/spiekblog.de\/wp-content\/uploads\/2021\/04\/PXL_20210331_132313677.mp4\"><\/video><\/figure>\n\n\n\n<p>Wir haben also an drei Tagen etwa 300qm Garten bearbeitet. Den Rest neben dem Haus k\u00f6nnen wir noch nicht machen, weil da demn\u00e4chst das Bauger\u00fcst f\u00fcrs Haus stehen wird. Diese Fl\u00e4che jetzt zu beackern macht keinen Sinn, wenn da sowieso wieder dr\u00fcber gelaufen werden muss.<\/p>\n\n\n\n<p>Update KW 15: Eine Inspektion der umgegrabenen Fl\u00e4che hat ergeben, dass die Lupinensamen endlich keimen. Dann wird es hoffentlich bald gr\u00fcn \ud83d\ude42<\/p>\n\n\n\n<div class=\"wp-block-image\"><figure class=\"aligncenter size-large\"><img loading=\"lazy\" decoding=\"async\" width=\"768\" height=\"1024\" src=\"https:\/\/spiekblog.de\/wp-content\/uploads\/2021\/05\/PXL_20210514_140903505-768x1024.jpg\" alt=\"\" class=\"wp-image-742\" srcset=\"https:\/\/spiekblog.de\/wp-content\/uploads\/2021\/05\/PXL_20210514_140903505-768x1024.jpg 768w, https:\/\/spiekblog.de\/wp-content\/uploads\/2021\/05\/PXL_20210514_140903505-225x300.jpg 225w, https:\/\/spiekblog.de\/wp-content\/uploads\/2021\/05\/PXL_20210514_140903505-1152x1536.jpg 1152w, https:\/\/spiekblog.de\/wp-content\/uploads\/2021\/05\/PXL_20210514_140903505-1536x2048.jpg 1536w, https:\/\/spiekblog.de\/wp-content\/uploads\/2021\/05\/PXL_20210514_140903505-scaled.jpg 1920w\" sizes=\"auto, (max-width: 768px) 100vw, 768px\" \/><figcaption>es gr\u00fcnt so gr\u00fcn.. (KW19)<\/figcaption><\/figure><\/div>\n","protected":false},"excerpt":{"rendered":"<p>Das Haus steht zwar noch nicht, aber wir machen uns nat\u00fcrlich trotzdem schon die ersten Gedanken, was da mal mit unserem Garten so werden soll. Hinter unserem Grundst\u00fcck wird es einen Kindergarten geben (lila Stern). \u00dcber uns wird ein Mehrfamilienhaus (gr\u00fcner Stern), links von uns ein Doppelhaus (blauer Stern) und unter uns ein weiteres Einfamilienhaus <a class=\"read-more\" href=\"https:\/\/spiekblog.de\/?page_id=229\">READ MORE<\/a><\/p>\n","protected":false},"author":1,"featured_media":0,"parent":237,"menu_order":1,"comment_status":"closed","ping_status":"closed","template":"","meta":{"footnotes":""},"class_list":["post-229","page","type-page","status-publish","hentry"],"_links":{"self":[{"href":"https:\/\/spiekblog.de\/index.php?rest_route=\/wp\/v2\/pages\/229","targetHints":{"allow":["GET"]}}],"collection":[{"href":"https:\/\/spiekblog.de\/index.php?rest_route=\/wp\/v2\/pages"}],"about":[{"href":"https:\/\/spiekblog.de\/index.php?rest_route=\/wp\/v2\/types\/page"}],"author":[{"embeddable":true,"href":"https:\/\/spiekblog.de\/index.php?rest_route=\/wp\/v2\/users\/1"}],"replies":[{"embeddable":true,"href":"https:\/\/spiekblog.de\/index.php?rest_route=%2Fwp%2Fv2%2Fcomments&post=229"}],"version-history":[{"count":16,"href":"https:\/\/spiekblog.de\/index.php?rest_route=\/wp\/v2\/pages\/229\/revisions"}],"predecessor-version":[{"id":747,"href":"https:\/\/spiekblog.de\/index.php?rest_route=\/wp\/v2\/pages\/229\/revisions\/747"}],"up":[{"embeddable":true,"href":"https:\/\/spiekblog.de\/index.php?rest_route=\/wp\/v2\/pages\/237"}],"wp:attachment":[{"href":"https:\/\/spiekblog.de\/index.php?rest_route=%2Fwp%2Fv2%2Fmedia&parent=229"}],"curies":[{"name":"wp","href":"https:\/\/api.w.org\/{rel}","templated":true}]}}