{"id":147,"date":"2020-09-04T18:58:58","date_gmt":"2020-09-04T18:58:58","guid":{"rendered":"http:\/\/spiekblog.de\/?page_id=147"},"modified":"2021-12-19T21:59:03","modified_gmt":"2021-12-19T21:59:03","slug":"kfw","status":"publish","type":"page","link":"https:\/\/spiekblog.de\/?page_id=147","title":{"rendered":"KfW"},"content":{"rendered":"<p>Neubau, Klima, Umwelt, Energie und Kosten sparen..? H\u00e4..? Wer heute ein neues Haus baut, kommt nicht umhin, sich mit all diesen Themen n\u00e4her zu besch\u00e4ftigen. Egal ob Klimawandelleugner oder Umweltaktivist, einer dieser Punkte kommt fast immer zum tragen und sei es eben auch nur ob des schn\u00f6den Mammons. Wir sehen uns jetzt nicht als die gr\u00fcne Welle per se und m\u00fcssen die Welt retten (allein mit dem Wunsch des eigenen Hauses und eines Neubaus sind wir mit unserer pers\u00f6nlichen Klimabilanz sowieso nicht mehr fraktionsrelevant) aber wir wollen auch zukunftsorientiert bauen. In erster Linie spielen f\u00fcr uns nat\u00fcrlich die wirtschaftlichen Aspekte eine Rolle. Aber wenn dann\u00a0 auch noch ein wenig f\u00fcr die Umwelt raus springt umso besser.. =)<\/p>\n<p>Wir haben f\u00fcr unsere \u00dcberlegungen also ein KfW Effizienzhaus 55 ins Auge gefasst. Dass der Staat diverse Energieeffizienzklassen bezuschusst, ist nat\u00fcrlich ein nettes Goodie im Kostenpaket. Ganz bewusst will ich hier jetzt nicht \u00fcber die verschiedenen KfW Klassen und deren Vor- und Nachteile fabulieren. Denn unser Blog ist kein Ratgeber, sondern soll anderen nur die M\u00f6glichkeit geben unseren Weg vom Nix zum Haus mitverfolgen zu k\u00f6nnen. Und ob in ein paar Jahren noch z\u00e4hlt wof\u00fcr wir uns heute entschieden haben, wissen wir nicht. Als Bauratgeber taugt unser Blog also nicht \ud83d\ude1b<\/p>\n<p>Ein KfW Effizienshaus 55 soll es also sein! Mit Vorbereitung f\u00fcr Photovoltaik und Solarthermie?! Im Hinblick darauf, dass Rohstoffe endlich sind, \u00d6lheizungen nur noch unter bestimmten Auflagen betrieben werden d\u00fcrfen und Gas kaum umsetzbar f\u00fcr KfW 55 ist, haben wir uns f\u00fcr eine Luftwasserw\u00e4rmepumpe entschieden. Diese ben\u00f6tigt zum Betrieb Strom. Damit das die Kosten nicht exorbitant in die H\u00f6he treibt, denn Strom ist ja bekanntlich teuer, planen wir zus\u00e4tzlich mit Photovoltaik und Solarthermie. Dazu kommt, dass die Zukunft immer mehr E-Mobilit\u00e4t f\u00fcr uns bereithalten soll und der daf\u00fcr ben\u00f6tigte Strom besser selbst erzeugt als zugekauft wird. Um sich aber nun in diesem ganzen Dschungel aus Effizienzklassen, Zusch\u00fcssen und den entsprechenden Antr\u00e4gen zurechtzufinden ist ein Energieberater unabdingbar. Mal ganz abgesehen davon, dass ein solcher den Bau begleiten muss, um \u00fcberhaupt in den Genuss eines KfW Zuschusses zu kommen. Er kontrolliert die Einhaltung der Vorgaben, damit am Ende auch die gew\u00fcnschte Effizienzklasse erreicht wird. Au\u00dferdem best\u00e4tigt er nach Abschluss des Bauvorhabens offiziell bei der KfW Bank die erfolgreiche Durchf\u00fchrung und die entsprechende Verwendung der Mittel.<\/p>\n<p>Weitere Infos zum Thema folgen, sobald sich mehr getan hat und ich wieder etwas Nennenswertes zu berichten habe. \ud83d\ude42<\/p>\n<p>Unser geplantes Effizienzhaus war mittlerweile beim Statiker zur Pr\u00fcfung und die Firma Beckers hatte noch \u00c4nderungsw\u00fcnsche bei den Baustoffen. Das hatte zur Folge, dass entsprechende \u00c4nderungen in den Effizienzberechnungen vorgenommen werden mussten. Aktuell warten wir gerade auf die vierte Version und st\u00e4ndig renne ich dem Energieberater hinterher, damit ich die aktuellste Version in die H\u00e4nde bekomme. Zwischenzeitlich entstand der Eindruck, dass der Energieberater und die Baufirma nicht wirklich miteinander kommunizieren und wir hier die stille Post spielen. Da wir aber keinerlei Ahnung haben &#8211; weder vom Bau noch von Energieeffizienz &#8211; und wir auch eine Menge Geld daf\u00fcr bezahlen, dass sich jemand mit Ahnung darum k\u00fcmmert, haben wir die Problematik nochmals an allen relevanten Stellen kundgetan und warten jetzt ab, ob sich das f\u00fcr die Zukunft positiv auswirkt. Denn Fakt ist, wir haben ein Energieeffizienzhaus bestellt, es wurde uns vertraglich zugesagt, wir bezahlen ein solches. Also will ich auch verdammt nochmal genau so ein Haus haben.<\/p>\n<p>Wir haben auch zwischenzeitlich einen Antrag f\u00fcr die F\u00f6rderung einer W\u00e4rmepumpe gestellt und bewilligt bekommen. Das Teil ist damit zwar immer noch sauteuer aber immerhin bekommen wir eine nicht unerhebliche F\u00f6rdersumme daf\u00fcr.<\/p>\n<p>Doch jetzt zum Thema. Wie sieht denn eigentlich die Struktur f\u00fcr den Bauplan eines Energieeffizienzhauses aus? Die Berechnung erfolgt nach bestimmten DIN Normen, welches das Geb\u00e4ude erf\u00fcllen muss um schlussendlich ein Effizienzhaus zu sein. Je nach Klasse und Hausart unterscheiden sich diese. In unserem Fall erfolgt die Berechnung nach DIN 4108-6 und DIN 4701-10. Um die gew\u00fcnschte Energieeffizienz zu erreichen, ist die Verwendung bestimmter Baustoffe unabdingbar. So ist das Erreichen des Wertes auf verschiedene Weise zu erreichen und die Nutzung aller potenziellen Baustoffe nicht n\u00f6tig. Ohne jetzt unn\u00f6tig ins Detail gehen zu wollen, sieht die grobe Planung bei uns etwa so aus:<\/p>\n<ul>\n<li>Bodenplatte: D\u00e4mmung unterschiedlicher St\u00e4rke unter und auf der Bodenplatte, die Bodenplatte selbst ist 25 cm dick<\/li>\n<li>Mauerwerk: Verwendung eines mit Mineralwolle gef\u00fcllten Porotonsteins zur besseren D\u00e4mmung<\/li>\n<li>Fenster und Terrassent\u00fcr: 3-Scheiben-W\u00e4rmeschutzverglasung\u00a0 (U-Wert: 0,60) mit 6-7 Kammerprofil, ged\u00e4mmte Rollladenk\u00e4sten<\/li>\n<li>Hauseingangs- und Nebeneingangst\u00fcr: Haust\u00fcr massiv und Nebeneingangst\u00fcr w\u00e4rmeged\u00e4mmt<\/li>\n<li>Dachfl\u00e4chen: Konstruktionsholz mit mindestens 22 cm Dicke sowie Untersparrend\u00e4mmung<\/li>\n<\/ul>\n<p>Sp\u00e4ter wird es noch einen Blower Door Test geben. Dieser wird erst kurz vor dem Einzug gemacht, wenn das Haus auch unter dem Dach ged\u00e4mmt wurde.<\/p>\n","protected":false},"excerpt":{"rendered":"<p>Neubau, Klima, Umwelt, Energie und Kosten sparen..? H\u00e4..? Wer heute ein neues Haus baut, kommt nicht umhin, sich mit all diesen Themen n\u00e4her zu besch\u00e4ftigen. Egal ob Klimawandelleugner oder Umweltaktivist, einer dieser Punkte kommt fast immer zum tragen und sei es eben auch nur ob des schn\u00f6den Mammons. Wir sehen uns jetzt nicht als die <a class=\"read-more\" href=\"https:\/\/spiekblog.de\/?page_id=147\">READ MORE<\/a><\/p>\n","protected":false},"author":1,"featured_media":0,"parent":0,"menu_order":0,"comment_status":"closed","ping_status":"closed","template":"","meta":{"footnotes":""},"class_list":["post-147","page","type-page","status-publish","hentry"],"_links":{"self":[{"href":"https:\/\/spiekblog.de\/index.php?rest_route=\/wp\/v2\/pages\/147","targetHints":{"allow":["GET"]}}],"collection":[{"href":"https:\/\/spiekblog.de\/index.php?rest_route=\/wp\/v2\/pages"}],"about":[{"href":"https:\/\/spiekblog.de\/index.php?rest_route=\/wp\/v2\/types\/page"}],"author":[{"embeddable":true,"href":"https:\/\/spiekblog.de\/index.php?rest_route=\/wp\/v2\/users\/1"}],"replies":[{"embeddable":true,"href":"https:\/\/spiekblog.de\/index.php?rest_route=%2Fwp%2Fv2%2Fcomments&post=147"}],"version-history":[{"count":12,"href":"https:\/\/spiekblog.de\/index.php?rest_route=\/wp\/v2\/pages\/147\/revisions"}],"predecessor-version":[{"id":1575,"href":"https:\/\/spiekblog.de\/index.php?rest_route=\/wp\/v2\/pages\/147\/revisions\/1575"}],"wp:attachment":[{"href":"https:\/\/spiekblog.de\/index.php?rest_route=%2Fwp%2Fv2%2Fmedia&parent=147"}],"curies":[{"name":"wp","href":"https:\/\/api.w.org\/{rel}","templated":true}]}}