{"id":121,"date":"2020-03-01T12:35:59","date_gmt":"2020-03-01T12:35:59","guid":{"rendered":"http:\/\/spiekblog.de\/?page_id=121"},"modified":"2022-05-22T08:32:31","modified_gmt":"2022-05-22T08:32:31","slug":"planungen","status":"publish","type":"page","link":"https:\/\/spiekblog.de\/?page_id=121","title":{"rendered":"Terrasse"},"content":{"rendered":"\n<p style=\"font-size:15px\">Mittlerweile haben wir auch den Auftrag, unter anderem f\u00fcr die Terrasse, an einen GaLa Bauer vergeben. G\u00fcnstig ist der Spa\u00df sicherlich nicht. Aber wenn ich die Preise in Bayern sehe (ein Kollege von Stefan baut dort), dann bin ich mit unserem Preis wieder zufrieden \ud83d\ude42 Die Arbeiten f\u00fcr die Terrasse und die Zuwegung zur Garage beginnen allerdings erst, wenn der Rohbau im Au\u00dfenbereich fertig ist. Weitere Infos gibt es hier also erst, wenn es so weit ist.<\/p>\n\n\n\n<p style=\"font-size:15px\">Die Vorstellung, dass die Arbeiten zur Terrasse mit der Rohbaufertigstellung beginnen haben wir ad acta gelegt. Heute, ein dreiviertel Jahr nach Auftragsvergabe an den GaLa Bauer und eine Woche nach unserem Umzug beginnen endlich die Arbeiten zur Terrasse. Bevor es allerdings \u00fcberhaupt richtig losgehen kann, muss eine Entw\u00e4sserungsgrundlage geschaffen werden. In unserem Fall m\u00fcssen Schlitzrinnen und Rohre in die Erde gesetzt werden. <\/p>\n\n\n\n<figure class=\"wp-block-gallery has-nested-images columns-default is-cropped wp-block-gallery-1 is-layout-flex wp-block-gallery-is-layout-flex\">\n<figure class=\"wp-block-image size-large\"><img loading=\"lazy\" decoding=\"async\" width=\"1024\" height=\"768\" data-id=\"2216\" src=\"https:\/\/spiekblog.de\/wp-content\/uploads\/2022\/05\/PXL_20220501_073414234-1024x768.jpg\" alt=\"\" class=\"wp-image-2216\" srcset=\"https:\/\/spiekblog.de\/wp-content\/uploads\/2022\/05\/PXL_20220501_073414234-1024x768.jpg 1024w, https:\/\/spiekblog.de\/wp-content\/uploads\/2022\/05\/PXL_20220501_073414234-300x225.jpg 300w, https:\/\/spiekblog.de\/wp-content\/uploads\/2022\/05\/PXL_20220501_073414234-768x576.jpg 768w, https:\/\/spiekblog.de\/wp-content\/uploads\/2022\/05\/PXL_20220501_073414234-1536x1152.jpg 1536w, https:\/\/spiekblog.de\/wp-content\/uploads\/2022\/05\/PXL_20220501_073414234-2048x1536.jpg 2048w\" sizes=\"auto, (max-width: 1024px) 100vw, 1024px\" \/><figcaption>Der Boden wurde aufgegraben<\/figcaption><\/figure>\n\n\n\n<figure class=\"wp-block-image size-large\"><img loading=\"lazy\" decoding=\"async\" width=\"1024\" height=\"768\" data-id=\"2215\" src=\"https:\/\/spiekblog.de\/wp-content\/uploads\/2022\/05\/PXL_20220501_073417543.MP_-1024x768.jpg\" alt=\"\" class=\"wp-image-2215\" srcset=\"https:\/\/spiekblog.de\/wp-content\/uploads\/2022\/05\/PXL_20220501_073417543.MP_-1024x768.jpg 1024w, https:\/\/spiekblog.de\/wp-content\/uploads\/2022\/05\/PXL_20220501_073417543.MP_-300x225.jpg 300w, https:\/\/spiekblog.de\/wp-content\/uploads\/2022\/05\/PXL_20220501_073417543.MP_-768x576.jpg 768w, https:\/\/spiekblog.de\/wp-content\/uploads\/2022\/05\/PXL_20220501_073417543.MP_-1536x1152.jpg 1536w, https:\/\/spiekblog.de\/wp-content\/uploads\/2022\/05\/PXL_20220501_073417543.MP_-2048x1536.jpg 2048w\" sizes=\"auto, (max-width: 1024px) 100vw, 1024px\" \/><figcaption>auch vor der Garage<\/figcaption><\/figure>\n<\/figure>\n\n\n\n<p style=\"font-size:15px\">Der Fortschritt in der zweiten Woche:<\/p>\n\n\n\n<figure class=\"wp-block-gallery has-nested-images columns-default is-cropped wp-block-gallery-2 is-layout-flex wp-block-gallery-is-layout-flex\">\n<figure class=\"wp-block-image size-large\"><img loading=\"lazy\" decoding=\"async\" width=\"1024\" height=\"768\" data-id=\"2283\" src=\"https:\/\/spiekblog.de\/wp-content\/uploads\/2022\/05\/PXL_20220502_145428560-1-1024x768.jpg\" alt=\"\" class=\"wp-image-2283\" srcset=\"https:\/\/spiekblog.de\/wp-content\/uploads\/2022\/05\/PXL_20220502_145428560-1-1024x768.jpg 1024w, https:\/\/spiekblog.de\/wp-content\/uploads\/2022\/05\/PXL_20220502_145428560-1-300x225.jpg 300w, https:\/\/spiekblog.de\/wp-content\/uploads\/2022\/05\/PXL_20220502_145428560-1-768x576.jpg 768w, https:\/\/spiekblog.de\/wp-content\/uploads\/2022\/05\/PXL_20220502_145428560-1-1536x1152.jpg 1536w, https:\/\/spiekblog.de\/wp-content\/uploads\/2022\/05\/PXL_20220502_145428560-1-2048x1536.jpg 2048w\" sizes=\"auto, (max-width: 1024px) 100vw, 1024px\" \/><figcaption>der Sand wurde ausgebaggert<\/figcaption><\/figure>\n\n\n\n<figure class=\"wp-block-image size-large\"><img loading=\"lazy\" decoding=\"async\" width=\"1024\" height=\"768\" data-id=\"2291\" src=\"https:\/\/spiekblog.de\/wp-content\/uploads\/2022\/05\/PXL_20220502_145437313-1-1024x768.jpg\" alt=\"\" class=\"wp-image-2291\" srcset=\"https:\/\/spiekblog.de\/wp-content\/uploads\/2022\/05\/PXL_20220502_145437313-1-1024x768.jpg 1024w, https:\/\/spiekblog.de\/wp-content\/uploads\/2022\/05\/PXL_20220502_145437313-1-300x225.jpg 300w, https:\/\/spiekblog.de\/wp-content\/uploads\/2022\/05\/PXL_20220502_145437313-1-768x576.jpg 768w, https:\/\/spiekblog.de\/wp-content\/uploads\/2022\/05\/PXL_20220502_145437313-1-1536x1152.jpg 1536w, https:\/\/spiekblog.de\/wp-content\/uploads\/2022\/05\/PXL_20220502_145437313-1-2048x1536.jpg 2048w\" sizes=\"auto, (max-width: 1024px) 100vw, 1024px\" \/><figcaption>vor die Fenster kommt Noppenfolie..<\/figcaption><\/figure>\n\n\n\n<figure class=\"wp-block-image size-large\"><img loading=\"lazy\" decoding=\"async\" width=\"1024\" height=\"768\" data-id=\"2295\" src=\"https:\/\/spiekblog.de\/wp-content\/uploads\/2022\/05\/PXL_20220502_145450036-1-1024x768.jpg\" alt=\"\" class=\"wp-image-2295\" srcset=\"https:\/\/spiekblog.de\/wp-content\/uploads\/2022\/05\/PXL_20220502_145450036-1-1024x768.jpg 1024w, https:\/\/spiekblog.de\/wp-content\/uploads\/2022\/05\/PXL_20220502_145450036-1-300x225.jpg 300w, https:\/\/spiekblog.de\/wp-content\/uploads\/2022\/05\/PXL_20220502_145450036-1-768x576.jpg 768w, https:\/\/spiekblog.de\/wp-content\/uploads\/2022\/05\/PXL_20220502_145450036-1-1536x1152.jpg 1536w, https:\/\/spiekblog.de\/wp-content\/uploads\/2022\/05\/PXL_20220502_145450036-1-2048x1536.jpg 2048w\" sizes=\"auto, (max-width: 1024px) 100vw, 1024px\" \/><figcaption>und die Hauswand wird nochmals abgedichtet<\/figcaption><\/figure>\n\n\n\n<figure class=\"wp-block-image size-large\"><img loading=\"lazy\" decoding=\"async\" width=\"1024\" height=\"768\" data-id=\"2292\" src=\"https:\/\/spiekblog.de\/wp-content\/uploads\/2022\/05\/PXL_20220502_145452435-1-1024x768.jpg\" alt=\"\" class=\"wp-image-2292\" srcset=\"https:\/\/spiekblog.de\/wp-content\/uploads\/2022\/05\/PXL_20220502_145452435-1-1024x768.jpg 1024w, https:\/\/spiekblog.de\/wp-content\/uploads\/2022\/05\/PXL_20220502_145452435-1-300x225.jpg 300w, https:\/\/spiekblog.de\/wp-content\/uploads\/2022\/05\/PXL_20220502_145452435-1-768x576.jpg 768w, https:\/\/spiekblog.de\/wp-content\/uploads\/2022\/05\/PXL_20220502_145452435-1-1536x1152.jpg 1536w, https:\/\/spiekblog.de\/wp-content\/uploads\/2022\/05\/PXL_20220502_145452435-1-2048x1536.jpg 2048w\" sizes=\"auto, (max-width: 1024px) 100vw, 1024px\" \/><figcaption>die Rinnen f\u00fcr die Entw\u00e4sserung werden einzementiert<\/figcaption><\/figure>\n\n\n\n<figure class=\"wp-block-image size-large\"><img loading=\"lazy\" decoding=\"async\" width=\"1024\" height=\"768\" data-id=\"2279\" src=\"https:\/\/spiekblog.de\/wp-content\/uploads\/2022\/05\/PXL_20220503_151208107-1-1024x768.jpg\" alt=\"\" class=\"wp-image-2279\" srcset=\"https:\/\/spiekblog.de\/wp-content\/uploads\/2022\/05\/PXL_20220503_151208107-1-1024x768.jpg 1024w, https:\/\/spiekblog.de\/wp-content\/uploads\/2022\/05\/PXL_20220503_151208107-1-300x225.jpg 300w, https:\/\/spiekblog.de\/wp-content\/uploads\/2022\/05\/PXL_20220503_151208107-1-768x576.jpg 768w, https:\/\/spiekblog.de\/wp-content\/uploads\/2022\/05\/PXL_20220503_151208107-1-1536x1152.jpg 1536w, https:\/\/spiekblog.de\/wp-content\/uploads\/2022\/05\/PXL_20220503_151208107-1-2048x1536.jpg 2048w\" sizes=\"auto, (max-width: 1024px) 100vw, 1024px\" \/><figcaption>die Rohre f\u00fcr die Entw\u00e4sserung..<\/figcaption><\/figure>\n\n\n\n<figure class=\"wp-block-image size-large\"><img loading=\"lazy\" decoding=\"async\" width=\"1024\" height=\"768\" data-id=\"2282\" src=\"https:\/\/spiekblog.de\/wp-content\/uploads\/2022\/05\/PXL_20220503_151220373.MP_-1-1024x768.jpg\" alt=\"\" class=\"wp-image-2282\" srcset=\"https:\/\/spiekblog.de\/wp-content\/uploads\/2022\/05\/PXL_20220503_151220373.MP_-1-1024x768.jpg 1024w, https:\/\/spiekblog.de\/wp-content\/uploads\/2022\/05\/PXL_20220503_151220373.MP_-1-300x225.jpg 300w, https:\/\/spiekblog.de\/wp-content\/uploads\/2022\/05\/PXL_20220503_151220373.MP_-1-768x576.jpg 768w, https:\/\/spiekblog.de\/wp-content\/uploads\/2022\/05\/PXL_20220503_151220373.MP_-1-1536x1152.jpg 1536w, https:\/\/spiekblog.de\/wp-content\/uploads\/2022\/05\/PXL_20220503_151220373.MP_-1-2048x1536.jpg 2048w\" sizes=\"auto, (max-width: 1024px) 100vw, 1024px\" \/><figcaption>.. werden gelegt<\/figcaption><\/figure>\n\n\n\n<figure class=\"wp-block-image size-large\"><img loading=\"lazy\" decoding=\"async\" width=\"1024\" height=\"768\" data-id=\"2278\" src=\"https:\/\/spiekblog.de\/wp-content\/uploads\/2022\/05\/PXL_20220504_144350276-1024x768.jpg\" alt=\"\" class=\"wp-image-2278\" srcset=\"https:\/\/spiekblog.de\/wp-content\/uploads\/2022\/05\/PXL_20220504_144350276-1024x768.jpg 1024w, https:\/\/spiekblog.de\/wp-content\/uploads\/2022\/05\/PXL_20220504_144350276-300x225.jpg 300w, https:\/\/spiekblog.de\/wp-content\/uploads\/2022\/05\/PXL_20220504_144350276-768x576.jpg 768w, https:\/\/spiekblog.de\/wp-content\/uploads\/2022\/05\/PXL_20220504_144350276-1536x1152.jpg 1536w, https:\/\/spiekblog.de\/wp-content\/uploads\/2022\/05\/PXL_20220504_144350276-2048x1536.jpg 2048w\" sizes=\"auto, (max-width: 1024px) 100vw, 1024px\" \/><figcaption>die Randsteine werden gesetzt<\/figcaption><\/figure>\n\n\n\n<figure class=\"wp-block-image size-large\"><img loading=\"lazy\" decoding=\"async\" width=\"1024\" height=\"768\" data-id=\"2280\" src=\"https:\/\/spiekblog.de\/wp-content\/uploads\/2022\/05\/PXL_20220504_144355023-1024x768.jpg\" alt=\"\" class=\"wp-image-2280\" srcset=\"https:\/\/spiekblog.de\/wp-content\/uploads\/2022\/05\/PXL_20220504_144355023-1024x768.jpg 1024w, https:\/\/spiekblog.de\/wp-content\/uploads\/2022\/05\/PXL_20220504_144355023-300x225.jpg 300w, https:\/\/spiekblog.de\/wp-content\/uploads\/2022\/05\/PXL_20220504_144355023-768x576.jpg 768w, https:\/\/spiekblog.de\/wp-content\/uploads\/2022\/05\/PXL_20220504_144355023-1536x1152.jpg 1536w, https:\/\/spiekblog.de\/wp-content\/uploads\/2022\/05\/PXL_20220504_144355023-2048x1536.jpg 2048w\" sizes=\"auto, (max-width: 1024px) 100vw, 1024px\" \/><figcaption>und der Sandaushub wurde durch RCL ersetzt<\/figcaption><\/figure>\n\n\n\n<figure class=\"wp-block-image size-large\"><img loading=\"lazy\" decoding=\"async\" width=\"1024\" height=\"768\" data-id=\"2284\" src=\"https:\/\/spiekblog.de\/wp-content\/uploads\/2022\/05\/PXL_20220504_144418030.MP_-1024x768.jpg\" alt=\"\" class=\"wp-image-2284\" srcset=\"https:\/\/spiekblog.de\/wp-content\/uploads\/2022\/05\/PXL_20220504_144418030.MP_-1024x768.jpg 1024w, https:\/\/spiekblog.de\/wp-content\/uploads\/2022\/05\/PXL_20220504_144418030.MP_-300x225.jpg 300w, https:\/\/spiekblog.de\/wp-content\/uploads\/2022\/05\/PXL_20220504_144418030.MP_-768x576.jpg 768w, https:\/\/spiekblog.de\/wp-content\/uploads\/2022\/05\/PXL_20220504_144418030.MP_-1536x1152.jpg 1536w, https:\/\/spiekblog.de\/wp-content\/uploads\/2022\/05\/PXL_20220504_144418030.MP_-2048x1536.jpg 2048w\" sizes=\"auto, (max-width: 1024px) 100vw, 1024px\" \/><\/figure>\n\n\n\n<figure class=\"wp-block-image size-large\"><img loading=\"lazy\" decoding=\"async\" width=\"768\" height=\"1024\" data-id=\"2298\" src=\"https:\/\/spiekblog.de\/wp-content\/uploads\/2022\/05\/PXL_20220504_153105865.MP_-768x1024.jpg\" alt=\"\" class=\"wp-image-2298\" srcset=\"https:\/\/spiekblog.de\/wp-content\/uploads\/2022\/05\/PXL_20220504_153105865.MP_-768x1024.jpg 768w, https:\/\/spiekblog.de\/wp-content\/uploads\/2022\/05\/PXL_20220504_153105865.MP_-225x300.jpg 225w, https:\/\/spiekblog.de\/wp-content\/uploads\/2022\/05\/PXL_20220504_153105865.MP_-1152x1536.jpg 1152w, https:\/\/spiekblog.de\/wp-content\/uploads\/2022\/05\/PXL_20220504_153105865.MP_-1536x2048.jpg 1536w, https:\/\/spiekblog.de\/wp-content\/uploads\/2022\/05\/PXL_20220504_153105865.MP_-scaled.jpg 1920w\" sizes=\"auto, (max-width: 768px) 100vw, 768px\" \/><figcaption>die Bauaufsicht kontrolliert den Fortgang \ud83d\ude09<\/figcaption><\/figure>\n\n\n\n<figure class=\"wp-block-image size-large\"><img loading=\"lazy\" decoding=\"async\" width=\"1024\" height=\"768\" data-id=\"2289\" src=\"https:\/\/spiekblog.de\/wp-content\/uploads\/2022\/05\/PXL_20220509_171722702-1024x768.jpg\" alt=\"\" class=\"wp-image-2289\" srcset=\"https:\/\/spiekblog.de\/wp-content\/uploads\/2022\/05\/PXL_20220509_171722702-1024x768.jpg 1024w, https:\/\/spiekblog.de\/wp-content\/uploads\/2022\/05\/PXL_20220509_171722702-300x225.jpg 300w, https:\/\/spiekblog.de\/wp-content\/uploads\/2022\/05\/PXL_20220509_171722702-768x576.jpg 768w, https:\/\/spiekblog.de\/wp-content\/uploads\/2022\/05\/PXL_20220509_171722702-1536x1152.jpg 1536w, https:\/\/spiekblog.de\/wp-content\/uploads\/2022\/05\/PXL_20220509_171722702-2048x1536.jpg 2048w\" sizes=\"auto, (max-width: 1024px) 100vw, 1024px\" \/><figcaption>Chaos hinterm Haus<\/figcaption><\/figure>\n\n\n\n<figure class=\"wp-block-image size-large\"><img loading=\"lazy\" decoding=\"async\" width=\"1024\" height=\"768\" data-id=\"2296\" src=\"https:\/\/spiekblog.de\/wp-content\/uploads\/2022\/05\/PXL_20220509_171729809.MP_-1024x768.jpg\" alt=\"\" class=\"wp-image-2296\" srcset=\"https:\/\/spiekblog.de\/wp-content\/uploads\/2022\/05\/PXL_20220509_171729809.MP_-1024x768.jpg 1024w, https:\/\/spiekblog.de\/wp-content\/uploads\/2022\/05\/PXL_20220509_171729809.MP_-300x225.jpg 300w, https:\/\/spiekblog.de\/wp-content\/uploads\/2022\/05\/PXL_20220509_171729809.MP_-768x576.jpg 768w, https:\/\/spiekblog.de\/wp-content\/uploads\/2022\/05\/PXL_20220509_171729809.MP_-1536x1152.jpg 1536w, https:\/\/spiekblog.de\/wp-content\/uploads\/2022\/05\/PXL_20220509_171729809.MP_-2048x1536.jpg 2048w\" sizes=\"auto, (max-width: 1024px) 100vw, 1024px\" \/><figcaption>=)<\/figcaption><\/figure>\n<\/figure>\n\n\n\n<p style=\"font-size:15px\">Daf\u00fcr, dass der Gartenbauer allein arbeitet ist er ganz sch\u00f6n fix. Er schwitzt was das Zeug h\u00e4lt, denn passend zu seiner Arbeit sind es 25 Grad und das im Mai \ud83d\ude42 Nach drei Wochen Arbeit ist hier jetzt das Ergebnis:<\/p>\n\n\n\n<figure class=\"wp-block-gallery has-nested-images columns-default is-cropped wp-block-gallery-3 is-layout-flex wp-block-gallery-is-layout-flex\">\n<figure class=\"wp-block-image size-large\"><img loading=\"lazy\" decoding=\"async\" width=\"768\" height=\"1024\" data-id=\"2305\" src=\"https:\/\/spiekblog.de\/wp-content\/uploads\/2022\/05\/PXL_20220510_150119268.MP_-1-768x1024.jpg\" alt=\"\" class=\"wp-image-2305\" srcset=\"https:\/\/spiekblog.de\/wp-content\/uploads\/2022\/05\/PXL_20220510_150119268.MP_-1-768x1024.jpg 768w, https:\/\/spiekblog.de\/wp-content\/uploads\/2022\/05\/PXL_20220510_150119268.MP_-1-225x300.jpg 225w, https:\/\/spiekblog.de\/wp-content\/uploads\/2022\/05\/PXL_20220510_150119268.MP_-1-1152x1536.jpg 1152w, https:\/\/spiekblog.de\/wp-content\/uploads\/2022\/05\/PXL_20220510_150119268.MP_-1-1536x2048.jpg 1536w, https:\/\/spiekblog.de\/wp-content\/uploads\/2022\/05\/PXL_20220510_150119268.MP_-1-scaled.jpg 1920w\" sizes=\"auto, (max-width: 768px) 100vw, 768px\" \/><figcaption>Kiessch\u00fcttung<\/figcaption><\/figure>\n\n\n\n<figure class=\"wp-block-image size-large\"><img loading=\"lazy\" decoding=\"async\" width=\"1024\" height=\"768\" data-id=\"2303\" src=\"https:\/\/spiekblog.de\/wp-content\/uploads\/2022\/05\/PXL_20220511_172039416.MP_-1-1024x768.jpg\" alt=\"\" class=\"wp-image-2303\" srcset=\"https:\/\/spiekblog.de\/wp-content\/uploads\/2022\/05\/PXL_20220511_172039416.MP_-1-1024x768.jpg 1024w, https:\/\/spiekblog.de\/wp-content\/uploads\/2022\/05\/PXL_20220511_172039416.MP_-1-300x225.jpg 300w, https:\/\/spiekblog.de\/wp-content\/uploads\/2022\/05\/PXL_20220511_172039416.MP_-1-768x576.jpg 768w, https:\/\/spiekblog.de\/wp-content\/uploads\/2022\/05\/PXL_20220511_172039416.MP_-1-1536x1152.jpg 1536w, https:\/\/spiekblog.de\/wp-content\/uploads\/2022\/05\/PXL_20220511_172039416.MP_-1-2048x1536.jpg 2048w\" sizes=\"auto, (max-width: 1024px) 100vw, 1024px\" \/><figcaption>begradigen<\/figcaption><\/figure>\n\n\n\n<figure class=\"wp-block-image size-large\"><img loading=\"lazy\" decoding=\"async\" width=\"1024\" height=\"768\" data-id=\"2306\" src=\"https:\/\/spiekblog.de\/wp-content\/uploads\/2022\/05\/PXL_20220511_172100703-1-1024x768.jpg\" alt=\"\" class=\"wp-image-2306\" srcset=\"https:\/\/spiekblog.de\/wp-content\/uploads\/2022\/05\/PXL_20220511_172100703-1-1024x768.jpg 1024w, https:\/\/spiekblog.de\/wp-content\/uploads\/2022\/05\/PXL_20220511_172100703-1-300x225.jpg 300w, https:\/\/spiekblog.de\/wp-content\/uploads\/2022\/05\/PXL_20220511_172100703-1-768x576.jpg 768w, https:\/\/spiekblog.de\/wp-content\/uploads\/2022\/05\/PXL_20220511_172100703-1-1536x1152.jpg 1536w, https:\/\/spiekblog.de\/wp-content\/uploads\/2022\/05\/PXL_20220511_172100703-1-2048x1536.jpg 2048w\" sizes=\"auto, (max-width: 1024px) 100vw, 1024px\" \/><figcaption>und jetzt werden die Platten verlegt<\/figcaption><\/figure>\n\n\n\n<figure class=\"wp-block-image size-large\"><img loading=\"lazy\" decoding=\"async\" width=\"768\" height=\"1024\" data-id=\"2300\" src=\"https:\/\/spiekblog.de\/wp-content\/uploads\/2022\/05\/PXL_20220519_124321386-768x1024.jpg\" alt=\"\" class=\"wp-image-2300\" srcset=\"https:\/\/spiekblog.de\/wp-content\/uploads\/2022\/05\/PXL_20220519_124321386-768x1024.jpg 768w, https:\/\/spiekblog.de\/wp-content\/uploads\/2022\/05\/PXL_20220519_124321386-225x300.jpg 225w, https:\/\/spiekblog.de\/wp-content\/uploads\/2022\/05\/PXL_20220519_124321386-1152x1536.jpg 1152w, https:\/\/spiekblog.de\/wp-content\/uploads\/2022\/05\/PXL_20220519_124321386-1536x2048.jpg 1536w, https:\/\/spiekblog.de\/wp-content\/uploads\/2022\/05\/PXL_20220519_124321386-scaled.jpg 1920w\" sizes=\"auto, (max-width: 768px) 100vw, 768px\" \/><figcaption>der Weg zur Garagent\u00fcr<\/figcaption><\/figure>\n\n\n\n<figure class=\"wp-block-image size-large\"><img loading=\"lazy\" decoding=\"async\" width=\"1024\" height=\"768\" data-id=\"2302\" src=\"https:\/\/spiekblog.de\/wp-content\/uploads\/2022\/05\/PXL_20220519_124328040.MP_-1024x768.jpg\" alt=\"\" class=\"wp-image-2302\" srcset=\"https:\/\/spiekblog.de\/wp-content\/uploads\/2022\/05\/PXL_20220519_124328040.MP_-1024x768.jpg 1024w, https:\/\/spiekblog.de\/wp-content\/uploads\/2022\/05\/PXL_20220519_124328040.MP_-300x225.jpg 300w, https:\/\/spiekblog.de\/wp-content\/uploads\/2022\/05\/PXL_20220519_124328040.MP_-768x576.jpg 768w, https:\/\/spiekblog.de\/wp-content\/uploads\/2022\/05\/PXL_20220519_124328040.MP_-1536x1152.jpg 1536w, https:\/\/spiekblog.de\/wp-content\/uploads\/2022\/05\/PXL_20220519_124328040.MP_-2048x1536.jpg 2048w\" sizes=\"auto, (max-width: 1024px) 100vw, 1024px\" \/><figcaption>vor den Fenstern<\/figcaption><\/figure>\n<\/figure>\n\n\n\n<p style=\"font-size:15px\">Wir haben auch noch ein Streifenfundament und eine Entw\u00e4sserungsm\u00f6glichkeit f\u00fcr eine Terrassen\u00fcberdachung setzen lassen. Selbst wenn wir die erst sp\u00e4ter machen lassen (beide Angebote liegen bei 30.000 \u20ac), sind die Voraussetzungen daf\u00fcr nun geschaffen.<\/p>\n\n\n\n<div class=\"wp-block-image\"><figure class=\"aligncenter size-large\"><img loading=\"lazy\" decoding=\"async\" width=\"1024\" height=\"771\" src=\"https:\/\/spiekblog.de\/wp-content\/uploads\/2022\/05\/IMG-20220522-WA0003-1024x771.jpg\" alt=\"\" class=\"wp-image-2308\" srcset=\"https:\/\/spiekblog.de\/wp-content\/uploads\/2022\/05\/IMG-20220522-WA0003-1024x771.jpg 1024w, https:\/\/spiekblog.de\/wp-content\/uploads\/2022\/05\/IMG-20220522-WA0003-300x226.jpg 300w, https:\/\/spiekblog.de\/wp-content\/uploads\/2022\/05\/IMG-20220522-WA0003-768x578.jpg 768w, https:\/\/spiekblog.de\/wp-content\/uploads\/2022\/05\/IMG-20220522-WA0003-1536x1156.jpg 1536w, https:\/\/spiekblog.de\/wp-content\/uploads\/2022\/05\/IMG-20220522-WA0003.jpg 1600w\" sizes=\"auto, (max-width: 1024px) 100vw, 1024px\" \/><\/figure><\/div>\n\n\n\n<p style=\"font-size:15px\">Die Sonne steht voll drauf. Aber ab jetzt haben wir einen gem\u00fctlichen und tollen Blick auf unseren Distelgarten.. \ud83d\ude09<\/p>\n","protected":false},"excerpt":{"rendered":"<p>Mittlerweile haben wir auch den Auftrag, unter anderem f\u00fcr die Terrasse, an einen GaLa Bauer vergeben. G\u00fcnstig ist der Spa\u00df sicherlich nicht. Aber wenn ich die Preise in Bayern sehe (ein Kollege von Stefan baut dort), dann bin ich mit unserem Preis wieder zufrieden \ud83d\ude42 Die Arbeiten f\u00fcr die Terrasse und die Zuwegung zur Garage <a class=\"read-more\" href=\"https:\/\/spiekblog.de\/?page_id=121\">READ MORE<\/a><\/p>\n","protected":false},"author":1,"featured_media":0,"parent":237,"menu_order":3,"comment_status":"closed","ping_status":"closed","template":"","meta":{"footnotes":""},"class_list":["post-121","page","type-page","status-publish","hentry"],"_links":{"self":[{"href":"https:\/\/spiekblog.de\/index.php?rest_route=\/wp\/v2\/pages\/121","targetHints":{"allow":["GET"]}}],"collection":[{"href":"https:\/\/spiekblog.de\/index.php?rest_route=\/wp\/v2\/pages"}],"about":[{"href":"https:\/\/spiekblog.de\/index.php?rest_route=\/wp\/v2\/types\/page"}],"author":[{"embeddable":true,"href":"https:\/\/spiekblog.de\/index.php?rest_route=\/wp\/v2\/users\/1"}],"replies":[{"embeddable":true,"href":"https:\/\/spiekblog.de\/index.php?rest_route=%2Fwp%2Fv2%2Fcomments&post=121"}],"version-history":[{"count":13,"href":"https:\/\/spiekblog.de\/index.php?rest_route=\/wp\/v2\/pages\/121\/revisions"}],"predecessor-version":[{"id":2309,"href":"https:\/\/spiekblog.de\/index.php?rest_route=\/wp\/v2\/pages\/121\/revisions\/2309"}],"up":[{"embeddable":true,"href":"https:\/\/spiekblog.de\/index.php?rest_route=\/wp\/v2\/pages\/237"}],"wp:attachment":[{"href":"https:\/\/spiekblog.de\/index.php?rest_route=%2Fwp%2Fv2%2Fmedia&parent=121"}],"curies":[{"name":"wp","href":"https:\/\/api.w.org\/{rel}","templated":true}]}}